{"id":189,"date":"2022-02-26T00:57:01","date_gmt":"2022-02-26T00:57:01","guid":{"rendered":"https:\/\/schweiz.fortuna-fire.ch\/?page_id=189"},"modified":"2022-03-24T20:53:50","modified_gmt":"2022-03-24T20:53:50","slug":"jonglierverein","status":"publish","type":"page","link":"https:\/\/fortuna-fire.ch\/en\/jonglierverein\/","title":{"rendered":"Juggling Club"},"content":{"rendered":"<div data-elementor-type=\"wp-page\" data-elementor-id=\"189\" class=\"elementor elementor-189\" data-elementor-post-type=\"page\">\n\t\t\t\t\t\t<section class=\"elementor-section elementor-top-section elementor-element elementor-element-ae44834 elementor-section-boxed elementor-section-height-default elementor-section-height-default\" data-id=\"ae44834\" data-element_type=\"section\" data-e-type=\"section\">\n\t\t\t\t\t\t<div class=\"elementor-container elementor-column-gap-default\">\n\t\t\t\t\t<div class=\"elementor-column elementor-col-100 elementor-top-column elementor-element elementor-element-44ddcc9\" data-id=\"44ddcc9\" data-element_type=\"column\" data-e-type=\"column\">\n\t\t\t<div class=\"elementor-widget-wrap elementor-element-populated\">\n\t\t\t\t\t\t<div class=\"elementor-element elementor-element-4b70bb4 elementor-widget elementor-widget-heading\" data-id=\"4b70bb4\" data-element_type=\"widget\" data-e-type=\"widget\" data-widget_type=\"heading.default\">\n\t\t\t\t<div class=\"elementor-widget-container\">\n\t\t\t\t\t<h2 class=\"elementor-heading-title elementor-size-xl\">Juggling Club Rapperswil- Jona<\/h2>\t\t\t\t<\/div>\n\t\t\t\t<\/div>\n\t\t\t\t<div class=\"elementor-element elementor-element-e3366e6 elementor-widget elementor-widget-heading\" data-id=\"e3366e6\" data-element_type=\"widget\" data-e-type=\"widget\" data-widget_type=\"heading.default\">\n\t\t\t\t<div class=\"elementor-widget-container\">\n\t\t\t\t\t<h2 class=\"elementor-heading-title elementor-size-medium\">In October 2011 the Juggling Club Rapperswil- Jona was called into life and founded. <br>\nSince then we have the goal to pass on juggling in combination with dance and artistry to the next generation. Therefore, we offer courses at schools, vacation passes and for teachers. <br> \nWe train once a week each; Thursday evening in Rapperswil, in the Halden gym. <br>\nThe association is open to all persons, of any age.<br> The training starts at 20.30 and ends at 22.00 and is therefore unfortunately only conditionally suitable for children. <br>\nWe are planning a juggling event for children, which will take place during a time suitable for children. <br>\n<\/h2>\t\t\t\t<\/div>\n\t\t\t\t<\/div>\n\t\t\t\t<div class=\"elementor-element elementor-element-a7a06e6 elementor-widget elementor-widget-heading\" data-id=\"a7a06e6\" data-element_type=\"widget\" data-e-type=\"widget\" data-widget_type=\"heading.default\">\n\t\t\t\t<div class=\"elementor-widget-container\">\n\t\t\t\t\t<h2 class=\"elementor-heading-title elementor-size-small\"><a href=\"mailto:info@fortuna-fire.ch\"><br>For more information send us a E-Mail<\/a><\/h2>\t\t\t\t<\/div>\n\t\t\t\t<\/div>\n\t\t\t\t\t<\/div>\n\t\t<\/div>\n\t\t\t\t\t<\/div>\n\t\t<\/section>\n\t\t\t\t<\/div>","protected":false},"excerpt":{"rendered":"<p>Jonglierverein Rapperswil- Jona Im Oktober 2011 wurde der Jonglierverein Rapperswil- Jona ins leben gerufen und gegr\u00fcndet. Wir haben seitdem das Ziel, Jonglieren in Kombination mit Tanz und Artistik an die n\u00e4chste Generation weiterzugeben. Daher bieten wir Kurse an Schulen, Ferienp\u00e4ssen und f\u00fcr Lehrer an. Wir trainieren einmal w\u00f6chentlich jeweils; Donnerstag Abend in Rapperswil, in der [&hellip;]<\/p>\n","protected":false},"author":1,"featured_media":0,"parent":0,"menu_order":0,"comment_status":"closed","ping_status":"closed","template":"","meta":{"footnotes":""},"class_list":["post-189","page","type-page","status-publish","hentry"],"_links":{"self":[{"href":"https:\/\/fortuna-fire.ch\/en\/wp-json\/wp\/v2\/pages\/189","targetHints":{"allow":["GET"]}}],"collection":[{"href":"https:\/\/fortuna-fire.ch\/en\/wp-json\/wp\/v2\/pages"}],"about":[{"href":"https:\/\/fortuna-fire.ch\/en\/wp-json\/wp\/v2\/types\/page"}],"author":[{"embeddable":true,"href":"https:\/\/fortuna-fire.ch\/en\/wp-json\/wp\/v2\/users\/1"}],"replies":[{"embeddable":true,"href":"https:\/\/fortuna-fire.ch\/en\/wp-json\/wp\/v2\/comments?post=189"}],"version-history":[{"count":0,"href":"https:\/\/fortuna-fire.ch\/en\/wp-json\/wp\/v2\/pages\/189\/revisions"}],"wp:attachment":[{"href":"https:\/\/fortuna-fire.ch\/en\/wp-json\/wp\/v2\/media?parent=189"}],"curies":[{"name":"wp","href":"https:\/\/api.w.org\/{rel}","templated":true}]}}